{"id":3,"date":"2025-01-11T16:00:27","date_gmt":"2025-01-11T16:00:27","guid":{"rendered":"http:\/\/juremamulhermedicina.com.br\/?page_id=3"},"modified":"2025-01-12T00:55:51","modified_gmt":"2025-01-12T00:55:51","slug":"politica-de-privacidade","status":"publish","type":"page","link":"https:\/\/juremamulhermedicina.com.br\/en\/politica-de-privacidade\/","title":{"rendered":"Privacy Policy"},"content":{"rendered":"<div data-elementor-type=\"wp-page\" data-elementor-id=\"3\" class=\"elementor elementor-3\" data-elementor-post-type=\"page\">\n\t\t\t\t\t\t<section class=\"elementor-section elementor-top-section elementor-element elementor-element-f056c5f elementor-section-boxed elementor-section-height-default elementor-section-height-default\" data-id=\"f056c5f\" data-element_type=\"section\" data-settings=\"{&quot;background_background&quot;:&quot;classic&quot;}\">\n\t\t\t\t\t\t\t<div class=\"elementor-background-overlay\"><\/div>\n\t\t\t\t\t\t\t<div class=\"elementor-container elementor-column-gap-default\">\n\t\t\t\t\t<div class=\"elementor-column elementor-col-100 elementor-top-column elementor-element elementor-element-555078e\" data-id=\"555078e\" data-element_type=\"column\">\n\t\t\t<div class=\"elementor-widget-wrap elementor-element-populated\">\n\t\t\t\t\t\t<div class=\"elementor-element elementor-element-8351ec4 elementor-invisible elementor-widget elementor-widget-heading\" data-id=\"8351ec4\" data-element_type=\"widget\" data-settings=\"{&quot;_animation&quot;:&quot;fadeInUp&quot;}\" data-widget_type=\"heading.default\">\n\t\t\t\t<div class=\"elementor-widget-container\">\n\t\t\t\t\t<h2 class=\"elementor-heading-title elementor-size-default\">Privacy Policy<\/h2>\t\t\t\t<\/div>\n\t\t\t\t<\/div>\n\t\t\t\t<div class=\"elementor-element elementor-element-f8b8bc5 elementor-icon-list--layout-inline elementor-align-center elementor-list-item-link-full_width elementor-widget elementor-widget-icon-list\" data-id=\"f8b8bc5\" data-element_type=\"widget\" data-widget_type=\"icon-list.default\">\n\t\t\t\t<div class=\"elementor-widget-container\">\n\t\t\t\t\t\t\t<ul class=\"elementor-icon-list-items elementor-inline-items\">\n\t\t\t\t\t\t\t<li class=\"elementor-icon-list-item elementor-inline-item\">\n\t\t\t\t\t\t\t\t\t\t<span class=\"elementor-icon-list-text\">Home<\/span>\n\t\t\t\t\t\t\t\t\t<\/li>\n\t\t\t\t\t\t\t\t<li class=\"elementor-icon-list-item elementor-inline-item\">\n\t\t\t\t\t\t\t\t\t\t<span class=\"elementor-icon-list-text\">Privacy Policy<\/span>\n\t\t\t\t\t\t\t\t\t<\/li>\n\t\t\t\t\t\t<\/ul>\n\t\t\t\t\t\t<\/div>\n\t\t\t\t<\/div>\n\t\t\t\t\t<\/div>\n\t\t<\/div>\n\t\t\t\t\t<\/div>\n\t\t<\/section>\n\t\t<div class=\"elementor-element elementor-element-600fc1b e-flex e-con-boxed e-con e-parent\" data-id=\"600fc1b\" data-element_type=\"container\">\n\t\t\t\t\t<div class=\"e-con-inner\">\n\t\t\t\t<div class=\"elementor-element elementor-element-a8bfda8 elementor-widget elementor-widget-text-editor\" data-id=\"a8bfda8\" data-element_type=\"widget\" data-widget_type=\"text-editor.default\">\n\t\t\t\t<div class=\"elementor-widget-container\">\n\t\t\t\t\t\t\t\t\t<p data-sourcepos=\"5:1-5:286\">A Imers\u00e3o Cacau Medicinal tem o compromisso de proteger a sua privacidade e garantir a seguran\u00e7a dos seus dados <span class=\"citation-0 citation-end-0\">pessoais. Esta pol\u00edtica de privacidade descreve como coletamos, usamos, compartilhamos e protegemos as informa\u00e7\u00f5es que voc\u00ea nos fornece ao<\/span> participar da imers\u00e3o.<span class=\"button-container hide-from-message-actions ng-star-inserted\">\u00a0<\/span><\/p>\n<p data-sourcepos=\"7:1-7:20\"><strong>Coleta de dados:<\/strong><\/p>\n<p data-sourcepos=\"9:1-9:82\">Ao se inscrever na Imers\u00e3o Cacau Medicinal, coletamos os seguintes dados pessoais:<\/p>\n<ul data-sourcepos=\"11:1-15:0\">\n<li data-sourcepos=\"11:1-11:15\">Nome completo<\/li>\n<li data-sourcepos=\"12:1-12:20\">Endere\u00e7o de e-mail<\/li>\n<li data-sourcepos=\"13:1-13:31\">N\u00famero de telefone (opcional)<\/li>\n<li data-sourcepos=\"14:1-15:0\">Informa\u00e7\u00f5es de pagamento (processadas por plataformas seguras de terceiros)<\/li>\n<\/ul>\n<p data-sourcepos=\"16:1-16:18\"><strong>Uso dos dados:<\/strong><\/p>\n<p data-sourcepos=\"18:1-18:36\">Utilizamos seus dados pessoais para:<\/p>\n<ul data-sourcepos=\"20:1-24:0\">\n<li data-sourcepos=\"20:1-20:116\">Fornecer e gerenciar seu acesso \u00e0 Imers\u00e3o Cacau Medicinal, incluindo o envio de materiais, e-mails e notifica\u00e7\u00f5es.<\/li>\n<li data-sourcepos=\"21:1-21:49\">Responder \u00e0s suas perguntas e fornecer suporte.<\/li>\n<li data-sourcepos=\"22:1-22:58\">Personalizar sua experi\u00eancia e melhorar nossos servi\u00e7os.<\/li>\n<li data-sourcepos=\"23:1-24:0\">Enviar e-mails promocionais sobre novos cursos, eventos ou ofertas especiais (voc\u00ea pode optar por n\u00e3o receber esses e-mails a qualquer momento).<\/li>\n<\/ul>\n<p data-sourcepos=\"25:1-25:30\"><strong>Compartilhamento de dados:<\/strong><\/p>\n<p data-sourcepos=\"27:1-27:61\">N\u00e3o compartilhamos seus dados pessoais com terceiros, exceto:<\/p>\n<ul data-sourcepos=\"29:1-31:0\">\n<li data-sourcepos=\"29:1-29:106\">Com plataformas de pagamento terceirizadas para processar suas informa\u00e7\u00f5es de pagamento de forma segura.<\/li>\n<li data-sourcepos=\"30:1-31:0\">Quando exigido por lei ou ordem judicial.<\/li>\n<\/ul>\n<p data-sourcepos=\"32:1-32:22\"><strong>Prote\u00e7\u00e3o de dados:<\/strong><\/p>\n<p data-sourcepos=\"34:1-34:247\">Implementamos medidas de seguran\u00e7a para proteger seus dados pessoais contra <span class=\"citation-1 citation-end-1\">acesso n\u00e3o autorizado, uso indevido ou divulga\u00e7\u00e3o. No entanto, nenhum m\u00e9todo de transmiss\u00e3o pela Internet ou m\u00e9todo de armazenamento eletr\u00f4nico \u00e9 100% seguro.<\/span><span class=\"button-container hide-from-message-actions ng-star-inserted\">\u00a0<\/span><\/p>\n<div class=\"container ng-tns-c3909428701-91 hide\">\n<div class=\"carousel-container ng-tns-c3909428701-91\">\n<div class=\"carousel-content ng-tns-c3909428701-91\">\n<div class=\"sources-carousel-source ng-tns-c3909428701-91 hide ng-star-inserted\" data-test-id=\"sources-carousel-source\">\u00a0<\/div>\n<\/div>\n<\/div>\n<\/div>\n<p data-sourcepos=\"36:1-36:18\"><strong>Seus direitos:<\/strong><\/p>\n<p data-sourcepos=\"38:1-38:22\">Voc\u00ea tem o direito de:<\/p>\n<ul data-sourcepos=\"40:1-43:0\">\n<li data-sourcepos=\"40:1-40:51\">Acessar, corrigir ou excluir seus dados pessoais.<\/li>\n<li data-sourcepos=\"41:1-41:64\">Solicitar a restri\u00e7\u00e3o do processamento de seus dados pessoais.<\/li>\n<li data-sourcepos=\"42:1-43:0\">Retirar seu consentimento para o processamento de seus dados pessoais a qualquer momento.<\/li>\n<\/ul>\n<p data-sourcepos=\"44:1-44:12\"><strong>Contato:<\/strong><\/p>\n<p data-sourcepos=\"46:1-46:217\">Se voc\u00ea tiver alguma d\u00favida sobre esta pol\u00edtica de privacidade ou sobre como seus dados pessoais s\u00e3o processados, entre em contato conosco atrav\u00e9s do bot\u00e3o do WhatsApp fornecido no material da Imers\u00e3o Cacau Medicinal.<\/p>\n<p data-sourcepos=\"48:1-48:50\"><strong>Atualiza\u00e7\u00f5es da <span class=\"citation-2\">pol\u00edtica de privacidade:<\/span><\/strong><\/p>\n<p data-sourcepos=\"50:1-50:155\"><span class=\"citation-2 citation-end-2\">Podemos atualizar esta pol\u00edtica de privacidade periodicamente. Quaisquer altera\u00e7\u00f5es ser\u00e3o publicadas<\/span> em nosso site ou comunicadas a voc\u00ea por e-mail.<span class=\"button-container hide-from-message-actions ng-star-inserted\"> \u00a0<\/span><\/p>\n<div class=\"container ng-tns-c3909428701-92 hide\">\n<div class=\"carousel-container ng-tns-c3909428701-92\">\n<div class=\"carousel-content ng-tns-c3909428701-92\">\n<div class=\"sources-carousel-source ng-tns-c3909428701-92 hide ng-star-inserted\" data-test-id=\"sources-carousel-source\">\u00a0<\/div>\n<\/div>\n<\/div>\n<\/div>\n<p data-sourcepos=\"52:1-52:104\"><strong>Ao participar da Imers\u00e3o Cacau Medicinal, voc\u00ea concorda com os termos desta pol\u00edtica de privacidade.<\/strong><\/p>\t\t\t\t\t\t\t\t<\/div>\n\t\t\t\t<\/div>\n\t\t\t\t\t<\/div>\n\t\t\t\t<\/div>\n\t\t\t\t<\/div>","protected":false},"excerpt":{"rendered":"<p>Pol\u00edtica de Privacidade Home Pol\u00edtica de Privacidade A Imers\u00e3o Cacau Medicinal tem o compromisso de proteger a sua privacidade e garantir a seguran\u00e7a dos seus dados pessoais. Esta pol\u00edtica de privacidade descreve como coletamos, usamos, compartilhamos e protegemos as informa\u00e7\u00f5es que voc\u00ea nos fornece ao participar da imers\u00e3o.\u00a0 Coleta de dados: Ao se inscrever na [&hellip;]<\/p>","protected":false},"author":1,"featured_media":0,"parent":0,"menu_order":0,"comment_status":"closed","ping_status":"closed","template":"elementor_header_footer","meta":{"footnotes":""},"class_list":["post-3","page","type-page","status-publish","hentry"],"yoast_head":"<!-- This site is optimized with the Yoast SEO plugin v25.3.1 - https:\/\/yoast.com\/wordpress\/plugins\/seo\/ -->\n<title>Pol\u00edtica de Privacidade - Imers\u00e3o Cacau Medicinal<\/title>\n<meta name=\"robots\" content=\"index, follow, max-snippet:-1, max-image-preview:large, max-video-preview:-1\" \/>\n<link rel=\"canonical\" href=\"https:\/\/juremamulhermedicina.com.br\/en\/politica-de-privacidade\/\" \/>\n<meta property=\"og:locale\" content=\"en_GB\" \/>\n<meta property=\"og:type\" content=\"article\" \/>\n<meta property=\"og:title\" content=\"Pol\u00edtica de Privacidade - Imers\u00e3o Cacau Medicinal\" \/>\n<meta property=\"og:description\" content=\"Pol\u00edtica de Privacidade Home Pol\u00edtica de Privacidade A Imers\u00e3o Cacau Medicinal tem o compromisso de proteger a sua privacidade e garantir a seguran\u00e7a dos seus dados pessoais. Esta pol\u00edtica de privacidade descreve como coletamos, usamos, compartilhamos e protegemos as informa\u00e7\u00f5es que voc\u00ea nos fornece ao participar da imers\u00e3o.\u00a0 Coleta de dados: Ao se inscrever na [&hellip;]\" \/>\n<meta property=\"og:url\" content=\"https:\/\/juremamulhermedicina.com.br\/en\/politica-de-privacidade\/\" \/>\n<meta property=\"og:site_name\" content=\"Imers\u00e3o Cacau Medicinal\" \/>\n<meta property=\"article:modified_time\" content=\"2025-01-12T00:55:51+00:00\" \/>\n<meta name=\"twitter:card\" content=\"summary_large_image\" \/>\n<meta name=\"twitter:label1\" content=\"Estimated reading time\" \/>\n\t<meta name=\"twitter:data1\" content=\"2 minutes\" \/>\n<script type=\"application\/ld+json\" class=\"yoast-schema-graph\">{\"@context\":\"https:\/\/schema.org\",\"@graph\":[{\"@type\":\"WebPage\",\"@id\":\"https:\/\/juremamulhermedicina.com.br\/politica-de-privacidade\/\",\"url\":\"https:\/\/juremamulhermedicina.com.br\/politica-de-privacidade\/\",\"name\":\"Pol\u00edtica de Privacidade - Imers\u00e3o Cacau Medicinal\",\"isPartOf\":{\"@id\":\"https:\/\/juremamulhermedicina.com.br\/#website\"},\"datePublished\":\"2025-01-11T16:00:27+00:00\",\"dateModified\":\"2025-01-12T00:55:51+00:00\",\"breadcrumb\":{\"@id\":\"https:\/\/juremamulhermedicina.com.br\/politica-de-privacidade\/#breadcrumb\"},\"inLanguage\":\"en-GB\",\"potentialAction\":[{\"@type\":\"ReadAction\",\"target\":[\"https:\/\/juremamulhermedicina.com.br\/politica-de-privacidade\/\"]}]},{\"@type\":\"BreadcrumbList\",\"@id\":\"https:\/\/juremamulhermedicina.com.br\/politica-de-privacidade\/#breadcrumb\",\"itemListElement\":[{\"@type\":\"ListItem\",\"position\":1,\"name\":\"In\u00edcio\",\"item\":\"https:\/\/juremamulhermedicina.com.br\/\"},{\"@type\":\"ListItem\",\"position\":2,\"name\":\"Pol\u00edtica de Privacidade\"}]},{\"@type\":\"WebSite\",\"@id\":\"https:\/\/juremamulhermedicina.com.br\/#website\",\"url\":\"https:\/\/juremamulhermedicina.com.br\/\",\"name\":\"Imers\u00e3o Cacau Medicinal\",\"description\":\"20 dias de jornada online \",\"publisher\":{\"@id\":\"https:\/\/juremamulhermedicina.com.br\/#organization\"},\"potentialAction\":[{\"@type\":\"SearchAction\",\"target\":{\"@type\":\"EntryPoint\",\"urlTemplate\":\"https:\/\/juremamulhermedicina.com.br\/?s={search_term_string}\"},\"query-input\":{\"@type\":\"PropertyValueSpecification\",\"valueRequired\":true,\"valueName\":\"search_term_string\"}}],\"inLanguage\":\"en-GB\"},{\"@type\":\"Organization\",\"@id\":\"https:\/\/juremamulhermedicina.com.br\/#organization\",\"name\":\"Imers\u00e3o Cacau Medicinal\",\"url\":\"https:\/\/juremamulhermedicina.com.br\/\",\"logo\":{\"@type\":\"ImageObject\",\"inLanguage\":\"en-GB\",\"@id\":\"https:\/\/juremamulhermedicina.com.br\/#\/schema\/logo\/image\/\",\"url\":\"https:\/\/juremamulhermedicina.com.br\/wp-content\/uploads\/2025\/01\/logo-jurema.png\",\"contentUrl\":\"https:\/\/juremamulhermedicina.com.br\/wp-content\/uploads\/2025\/01\/logo-jurema.png\",\"width\":700,\"height\":250,\"caption\":\"Imers\u00e3o Cacau Medicinal\"},\"image\":{\"@id\":\"https:\/\/juremamulhermedicina.com.br\/#\/schema\/logo\/image\/\"}}]}<\/script>\n<!-- \/ Yoast SEO plugin. -->","yoast_head_json":{"title":"Pol\u00edtica de Privacidade - Imers\u00e3o Cacau Medicinal","robots":{"index":"index","follow":"follow","max-snippet":"max-snippet:-1","max-image-preview":"max-image-preview:large","max-video-preview":"max-video-preview:-1"},"canonical":"https:\/\/juremamulhermedicina.com.br\/en\/politica-de-privacidade\/","og_locale":"en_GB","og_type":"article","og_title":"Pol\u00edtica de Privacidade - Imers\u00e3o Cacau Medicinal","og_description":"Pol\u00edtica de Privacidade Home Pol\u00edtica de Privacidade A Imers\u00e3o Cacau Medicinal tem o compromisso de proteger a sua privacidade e garantir a seguran\u00e7a dos seus dados pessoais. Esta pol\u00edtica de privacidade descreve como coletamos, usamos, compartilhamos e protegemos as informa\u00e7\u00f5es que voc\u00ea nos fornece ao participar da imers\u00e3o.\u00a0 Coleta de dados: Ao se inscrever na [&hellip;]","og_url":"https:\/\/juremamulhermedicina.com.br\/en\/politica-de-privacidade\/","og_site_name":"Imers\u00e3o Cacau Medicinal","article_modified_time":"2025-01-12T00:55:51+00:00","twitter_card":"summary_large_image","twitter_misc":{"Estimated reading time":"2 minutes"},"schema":{"@context":"https:\/\/schema.org","@graph":[{"@type":"WebPage","@id":"https:\/\/juremamulhermedicina.com.br\/politica-de-privacidade\/","url":"https:\/\/juremamulhermedicina.com.br\/politica-de-privacidade\/","name":"Pol\u00edtica de Privacidade - Imers\u00e3o Cacau Medicinal","isPartOf":{"@id":"https:\/\/juremamulhermedicina.com.br\/#website"},"datePublished":"2025-01-11T16:00:27+00:00","dateModified":"2025-01-12T00:55:51+00:00","breadcrumb":{"@id":"https:\/\/juremamulhermedicina.com.br\/politica-de-privacidade\/#breadcrumb"},"inLanguage":"en-GB","potentialAction":[{"@type":"ReadAction","target":["https:\/\/juremamulhermedicina.com.br\/politica-de-privacidade\/"]}]},{"@type":"BreadcrumbList","@id":"https:\/\/juremamulhermedicina.com.br\/politica-de-privacidade\/#breadcrumb","itemListElement":[{"@type":"ListItem","position":1,"name":"In\u00edcio","item":"https:\/\/juremamulhermedicina.com.br\/"},{"@type":"ListItem","position":2,"name":"Pol\u00edtica de Privacidade"}]},{"@type":"WebSite","@id":"https:\/\/juremamulhermedicina.com.br\/#website","url":"https:\/\/juremamulhermedicina.com.br\/","name":"Imers\u00e3o Cacau Medicinal","description":"20 days of online journey","publisher":{"@id":"https:\/\/juremamulhermedicina.com.br\/#organization"},"potentialAction":[{"@type":"SearchAction","target":{"@type":"EntryPoint","urlTemplate":"https:\/\/juremamulhermedicina.com.br\/?s={search_term_string}"},"query-input":{"@type":"PropertyValueSpecification","valueRequired":true,"valueName":"search_term_string"}}],"inLanguage":"en-GB"},{"@type":"Organization","@id":"https:\/\/juremamulhermedicina.com.br\/#organization","name":"Imers\u00e3o Cacau Medicinal","url":"https:\/\/juremamulhermedicina.com.br\/","logo":{"@type":"ImageObject","inLanguage":"en-GB","@id":"https:\/\/juremamulhermedicina.com.br\/#\/schema\/logo\/image\/","url":"https:\/\/juremamulhermedicina.com.br\/wp-content\/uploads\/2025\/01\/logo-jurema.png","contentUrl":"https:\/\/juremamulhermedicina.com.br\/wp-content\/uploads\/2025\/01\/logo-jurema.png","width":700,"height":250,"caption":"Imers\u00e3o Cacau Medicinal"},"image":{"@id":"https:\/\/juremamulhermedicina.com.br\/#\/schema\/logo\/image\/"}}]}},"_links":{"self":[{"href":"https:\/\/juremamulhermedicina.com.br\/en\/wp-json\/wp\/v2\/pages\/3","targetHints":{"allow":["GET"]}}],"collection":[{"href":"https:\/\/juremamulhermedicina.com.br\/en\/wp-json\/wp\/v2\/pages"}],"about":[{"href":"https:\/\/juremamulhermedicina.com.br\/en\/wp-json\/wp\/v2\/types\/page"}],"author":[{"embeddable":true,"href":"https:\/\/juremamulhermedicina.com.br\/en\/wp-json\/wp\/v2\/users\/1"}],"replies":[{"embeddable":true,"href":"https:\/\/juremamulhermedicina.com.br\/en\/wp-json\/wp\/v2\/comments?post=3"}],"version-history":[{"count":4,"href":"https:\/\/juremamulhermedicina.com.br\/en\/wp-json\/wp\/v2\/pages\/3\/revisions"}],"predecessor-version":[{"id":237,"href":"https:\/\/juremamulhermedicina.com.br\/en\/wp-json\/wp\/v2\/pages\/3\/revisions\/237"}],"wp:attachment":[{"href":"https:\/\/juremamulhermedicina.com.br\/en\/wp-json\/wp\/v2\/media?parent=3"}],"curies":[{"name":"wp","href":"https:\/\/api.w.org\/{rel}","templated":true}]}}